{"id":1851,"date":"2026-04-07T06:46:19","date_gmt":"2026-04-07T03:46:19","guid":{"rendered":"http:\/\/ptgnet.com\/?page_id=1851"},"modified":"2026-04-19T14:52:21","modified_gmt":"2026-04-19T11:52:21","slug":"geri-kazanimdongusel-surecler","status":"publish","type":"page","link":"https:\/\/ptgnet.com\/en\/hizmetler\/geri-donusum-muhendisligi\/geri-kazanimdongusel-surecler\/","title":{"rendered":"Geri Kazan\u0131m&#038;D\u00f6ng\u00fcsel S\u00fcre\u00e7ler"},"content":{"rendered":"","protected":false},"excerpt":{"rendered":"","protected":false},"author":1,"featured_media":0,"parent":1821,"menu_order":372,"comment_status":"closed","ping_status":"closed","template":"single-product","meta":{"saved_in_kubio":true,"footnotes":""},"class_list":["post-1851","page","type-page","status-publish","hentry"],"kubio_ai_page_context":{"short_desc":"","purpose":"general"},"rttpg_featured_image_url":null,"rttpg_author":{"display_name":"sa","author_link":"https:\/\/ptgnet.com\/en\/author\/sa\/"},"rttpg_comment":0,"rttpg_category":null,"rttpg_excerpt":null,"_links":{"self":[{"href":"https:\/\/ptgnet.com\/en\/wp-json\/wp\/v2\/pages\/1851","targetHints":{"allow":["GET"]}}],"collection":[{"href":"https:\/\/ptgnet.com\/en\/wp-json\/wp\/v2\/pages"}],"about":[{"href":"https:\/\/ptgnet.com\/en\/wp-json\/wp\/v2\/types\/page"}],"author":[{"embeddable":true,"href":"https:\/\/ptgnet.com\/en\/wp-json\/wp\/v2\/users\/1"}],"replies":[{"embeddable":true,"href":"https:\/\/ptgnet.com\/en\/wp-json\/wp\/v2\/comments?post=1851"}],"version-history":[{"count":0,"href":"https:\/\/ptgnet.com\/en\/wp-json\/wp\/v2\/pages\/1851\/revisions"}],"up":[{"embeddable":true,"href":"https:\/\/ptgnet.com\/en\/wp-json\/wp\/v2\/pages\/1821"}],"wp:attachment":[{"href":"https:\/\/ptgnet.com\/en\/wp-json\/wp\/v2\/media?parent=1851"}],"curies":[{"name":"wp","href":"https:\/\/api.w.org\/{rel}","templated":true}]}}