{"id":517,"date":"2026-03-23T13:12:24","date_gmt":"2026-03-23T10:12:24","guid":{"rendered":"https:\/\/ptgnet.com\/?page_id=517"},"modified":"2026-04-07T22:06:16","modified_gmt":"2026-04-07T19:06:16","slug":"makine-ekipman-cozumleri","status":"publish","type":"page","link":"https:\/\/ptgnet.com\/en\/hizmetler\/makine-ekipman-cozumleri\/","title":{"rendered":"Makine &amp; Ekipman \u00c7\u00f6z\u00fcmleri"},"content":{"rendered":"","protected":false},"excerpt":{"rendered":"","protected":false},"author":1,"featured_media":0,"parent":526,"menu_order":330,"comment_status":"closed","ping_status":"closed","template":"single-product","meta":{"saved_in_kubio":true,"footnotes":""},"class_list":["post-517","page","type-page","status-publish","hentry"],"kubio_ai_page_context":{"short_desc":"","purpose":"general"},"rttpg_featured_image_url":null,"rttpg_author":{"display_name":"sa","author_link":"https:\/\/ptgnet.com\/en\/author\/sa\/"},"rttpg_comment":0,"rttpg_category":null,"rttpg_excerpt":null,"_links":{"self":[{"href":"https:\/\/ptgnet.com\/en\/wp-json\/wp\/v2\/pages\/517","targetHints":{"allow":["GET"]}}],"collection":[{"href":"https:\/\/ptgnet.com\/en\/wp-json\/wp\/v2\/pages"}],"about":[{"href":"https:\/\/ptgnet.com\/en\/wp-json\/wp\/v2\/types\/page"}],"author":[{"embeddable":true,"href":"https:\/\/ptgnet.com\/en\/wp-json\/wp\/v2\/users\/1"}],"replies":[{"embeddable":true,"href":"https:\/\/ptgnet.com\/en\/wp-json\/wp\/v2\/comments?post=517"}],"version-history":[{"count":0,"href":"https:\/\/ptgnet.com\/en\/wp-json\/wp\/v2\/pages\/517\/revisions"}],"up":[{"embeddable":true,"href":"https:\/\/ptgnet.com\/en\/wp-json\/wp\/v2\/pages\/526"}],"wp:attachment":[{"href":"https:\/\/ptgnet.com\/en\/wp-json\/wp\/v2\/media?parent=517"}],"curies":[{"name":"wp","href":"https:\/\/api.w.org\/{rel}","templated":true}]}}